{"id":2892,"date":"2020-08-26T05:54:17","date_gmt":"2020-08-26T02:54:17","guid":{"rendered":"https:\/\/metsanmembran.com\/contact-us\/"},"modified":"2026-01-20T15:11:50","modified_gmt":"2026-01-20T12:11:50","slug":"contact-us","status":"publish","type":"page","link":"https:\/\/metsanmembran.com\/en\/contact-us\/","title":{"rendered":"Contact Us"},"content":{"rendered":"\t\t<div data-elementor-type=\"wp-page\" data-elementor-id=\"2892\" class=\"elementor elementor-2892 elementor-64\">\n\t\t\t\t\t\t<section class=\"elementor-section elementor-top-section elementor-element elementor-element-8cd356b elementor-section-full_width elementor-section-height-default elementor-section-height-default\" data-id=\"8cd356b\" data-element_type=\"section\" data-settings=\"{&quot;background_background&quot;:&quot;classic&quot;}\">\n\t\t\t\t\t\t<div class=\"elementor-container elementor-column-gap-no\">\n\t\t\t\t\t<div class=\"elementor-column elementor-col-100 elementor-top-column elementor-element elementor-element-495087f\" data-id=\"495087f\" data-element_type=\"column\">\n\t\t\t<div class=\"elementor-widget-wrap\">\n\t\t\t\t\t\t\t<\/div>\n\t\t<\/div>\n\t\t\t\t\t<\/div>\n\t\t<\/section>\n\t\t\t\t<section class=\"elementor-section elementor-top-section elementor-element elementor-element-169614c elementor-section-full_width elementor-section-height-default elementor-section-height-default\" data-id=\"169614c\" data-element_type=\"section\" data-settings=\"{&quot;background_background&quot;:&quot;classic&quot;}\">\n\t\t\t\t\t\t<div class=\"elementor-container elementor-column-gap-no\">\n\t\t\t\t\t<div class=\"elementor-column elementor-col-100 elementor-top-column elementor-element elementor-element-34ecfd4\" data-id=\"34ecfd4\" data-element_type=\"column\">\n\t\t\t<div class=\"elementor-widget-wrap elementor-element-populated\">\n\t\t\t\t\t\t<section class=\"elementor-section elementor-inner-section elementor-element elementor-element-ac58e18 elementor-section-boxed elementor-section-height-default elementor-section-height-default\" data-id=\"ac58e18\" data-element_type=\"section\">\n\t\t\t\t\t\t<div class=\"elementor-container elementor-column-gap-default\">\n\t\t\t\t\t<div class=\"elementor-column elementor-col-100 elementor-inner-column elementor-element elementor-element-87b4629\" data-id=\"87b4629\" data-element_type=\"column\">\n\t\t\t<div class=\"elementor-widget-wrap elementor-element-populated\">\n\t\t\t\t\t\t<div class=\"elementor-element elementor-element-8a44709 elementor-widget elementor-widget-heading bdevs-el heading\" data-id=\"8a44709\" data-element_type=\"widget\" data-settings=\"{&quot;design_style&quot;:&quot;style_1&quot;}\" data-widget_type=\"heading.default\">\n\t\t\t\t<div class=\"elementor-widget-container\">\n\t\t\t\r\n                <div class=\"container\">\r\n            <div class=\"row\">\r\n                <div class=\"col-12\">\r\n                    <div class=\"title_style1 position-relative bdevs-el-content\">\r\n                              \r\n                        <h2 class=\"section-title bdevs-el-title\">Contact Form<\/h2>                        \r\n                                            <\/div>\r\n                <\/div>\r\n            <\/div>\r\n        <\/div>\r\n\r\n\r\n        \r\n        \r\n        \t\t<\/div>\n\t\t\t\t<\/div>\n\t\t\t\t\t<\/div>\n\t\t<\/div>\n\t\t\t\t\t<\/div>\n\t\t<\/section>\n\t\t\t\t<div class=\"elementor-element elementor-element-ed2f449 elementor-widget elementor-widget-contact_info bdevs-el contact_info\" data-id=\"ed2f449\" data-element_type=\"widget\" data-widget_type=\"contact_info.default\">\n\t\t\t\t<div class=\"elementor-widget-container\">\n\t\t\t\r\n        <section class=\"contact1\">\r\n            <div class=\"container\">\r\n                <div class=\"row\">\r\n                    <div class=\"col-xl-5 col-lg-6\">\r\n                        <div class=\"contact1__wrapper\">\r\n                            <div class=\"title_style1\">\r\n                                                                    <h5 class=\"sub-title\">Contact us<\/h5>\r\n                                \r\n                                <h3 >Contact information<\/h3>                                \r\n                                                            <\/div>\r\n                            <div class=\"contact_list__wrapper\">\r\n                                                                <div class=\"contact1__item border-bottom-widget pb-35 mt-40\">\r\n                                    <div class=\"contact1__thumb\">\r\n                                                                                <figure>\r\n                                            <i aria-hidden=\"true\" class=\"fal fa-envelope\"><\/i>                                        <\/figure>\r\n                                                                            <\/div>\r\n                                    <div class=\"contact1__content\">\r\n                                        <h4>E-mail address<\/h4>\r\n                                        <p>\r\n                                            bilgi@metsanmembran.com\n                                        <\/p>\r\n                                    <\/div>\r\n                                <\/div>\r\n                                                                <div class=\"contact1__item border-bottom-widget pb-35 mt-40\">\r\n                                    <div class=\"contact1__thumb\">\r\n                                                                                <figure>\r\n                                            <i aria-hidden=\"true\" class=\"fal fa-phone\"><\/i>                                        <\/figure>\r\n                                                                            <\/div>\r\n                                    <div class=\"contact1__content\">\r\n                                        <h4>Phone Numbers<\/h4>\r\n                                        <p>\r\n                                            <strong>Central Factory:<\/strong><br> \n<a href=\"tel:+90 488 213 73 58\">+90 488 213 73 58<\/a><br>\n<br>\n <strong>Sales and Marketing Manager<\/strong>\n<br>\n<a href=\"tel:+90 530 098 08 21\">+90 530 098 08 21<\/a> - Veysi BULUT<br>\n<a href=\"tel:+90 532 425 09 83\">+90 532 425 09 83<\/a> - Metin EG\u0130<br><br>\n<strong>Mediterranean and Aegean Regional Manager<\/strong><br>\n<a href=\"tel:+905354624555\">+90\u00a0535\u00a0462\u00a045\u00a055<\/a> - Hakan TO\u011eA\u00c7<br><br>\n<strong>Eastern and Central Anatolia Sales Representative<\/strong><br>\n<a href=\"tel:+90 530 098 08 21\">+90 530 098 08 21<\/a> - Veysi BULUT<br><br>\n<strong>Black Sea Regional Manager<\/strong>\n<br>\n<a href=\"tel:+90 539 576 94 49\">+90 539 576 94 49<\/a> - Nevzat Altunay<br><br>                                        <\/p>\r\n                                    <\/div>\r\n                                <\/div>\r\n                                                                <div class=\"contact1__item border-bottom-widget pb-35 mt-40\">\r\n                                    <div class=\"contact1__thumb\">\r\n                                                                                <figure>\r\n                                            <i aria-hidden=\"true\" class=\"fal fa-map-marked-alt\"><\/i>                                        <\/figure>\r\n                                                                            <\/div>\r\n                                    <div class=\"contact1__content\">\r\n                                        <h4>Address<\/h4>\r\n                                        <p>\r\n                                            Be\u015firi-\u0130np\u0131nar K\u00f6y\u00fc Yolu 8. Km, 72000 <br>K\u00f6setarla\/Be\u015firi\/Batman                                        <\/p>\r\n                                    <\/div>\r\n                                <\/div>\r\n                                                            <\/div>\r\n                        <\/div>\r\n                    <\/div>\r\n                    <div class=\"col-xl-7 col-lg-6\">\r\n                        <div class=\"contact1__map\">\r\n                                <iframe src=\"https:\/\/maps.google.com\/maps?q=Be%C5%9Firi-%C4%B0np%C4%B1nar+K%C3%B6y%C3%BC+Yolu+8.+Km%2C+72000+K%C3%B6setarla%2FBe%C5%9Firi%2FBatman&amp;t=m&amp;z=13&amp;output=embed&amp;iwloc=near\"><\/iframe>                        <\/div>\r\n                    <\/div>\r\n                <\/div>\r\n            <\/div>\r\n        <\/section>\r\n\r\n        \t\t<\/div>\n\t\t\t\t<\/div>\n\t\t\t\t<div class=\"elementor-element elementor-element-7876cfe elementor-widget elementor-widget-cf7 bdevs-el cf7\" data-id=\"7876cfe\" data-element_type=\"widget\" data-settings=\"{&quot;design_style&quot;:&quot;style_1&quot;}\" data-widget_type=\"cf7.default\">\n\t\t\t\t<div class=\"elementor-widget-container\">\n\t\t\t        \r\n        <div class=\"contact_page1\">\r\n            <div class=\"counter1__wrapper position-relative\">\r\n                <div class=\"container\">\r\n                    <div class=\"row\">\r\n                        <div class=\"col-lg-12\">\r\n                            <div class=\"contact_page1__form\">\r\n                                \n<div class=\"wpcf7 no-js\" id=\"wpcf7-f681-o1\" lang=\"tr-TR\" dir=\"ltr\" data-wpcf7-id=\"681\">\n<div class=\"screen-reader-response\"><p role=\"status\" aria-live=\"polite\" aria-atomic=\"true\"><\/p> <ul><\/ul><\/div>\n<form action=\"\/en\/wp-json\/wp\/v2\/pages\/2892#wpcf7-f681-o1\" method=\"post\" class=\"wpcf7-form init bdevs-cf7-form\" aria-label=\"\u0130leti\u015fim Formu\" novalidate=\"novalidate\" data-status=\"init\">\n<fieldset class=\"hidden-fields-container\"><input type=\"hidden\" name=\"_wpcf7\" value=\"681\" \/><input type=\"hidden\" name=\"_wpcf7_version\" value=\"6.1.5\" \/><input type=\"hidden\" name=\"_wpcf7_locale\" value=\"tr_TR\" \/><input type=\"hidden\" name=\"_wpcf7_unit_tag\" value=\"wpcf7-f681-o1\" \/><input type=\"hidden\" name=\"_wpcf7_container_post\" value=\"0\" \/><input type=\"hidden\" name=\"_wpcf7_posted_data_hash\" value=\"\" \/>\n<\/fieldset>\n<div class=\"row mb-30\">\n\t<div class=\"col-xl-6\">\n\t\t<div class=\"contact_page1__item\">\n\t\t\t<p><span class=\"wpcf7-form-control-wrap\" data-name=\"text-190\"><input size=\"40\" maxlength=\"400\" class=\"wpcf7-form-control wpcf7-text form-control\" aria-invalid=\"false\" placeholder=\"Ad\u0131n\u0131z Soyad\u0131n\u0131z\" value=\"\" type=\"text\" name=\"text-190\" \/><\/span><i class=\"far fa-user\"><\/i>\n\t\t\t<\/p>\n\t\t<\/div>\n\t<\/div>\n\t<div class=\"col-xl-6\">\n\t\t<div class=\"contact_page1__item\">\n\t\t\t<p><span class=\"wpcf7-form-control-wrap\" data-name=\"y-email\"><input size=\"40\" maxlength=\"400\" class=\"wpcf7-form-control wpcf7-email wpcf7-text wpcf7-validates-as-email form-control\" aria-invalid=\"false\" placeholder=\"E-Posta\" value=\"\" type=\"email\" name=\"y-email\" \/><\/span><i class=\"far fa-envelope\"><\/i>\n\t\t\t<\/p>\n\t\t<\/div>\n\t<\/div>\n\t<div class=\"col-xl-12 text-center\">\n\t\t<div class=\"contact_page1__item contact_page1__textarea\">\n\t\t\t<p><span class=\"wpcf7-form-control-wrap\" data-name=\"y-message\"><textarea cols=\"40\" rows=\"10\" maxlength=\"2000\" class=\"wpcf7-form-control wpcf7-textarea form-control\" aria-invalid=\"false\" placeholder=\"Mesaj\u0131n\u0131z\" name=\"y-message\"><\/textarea><\/span><i class=\"far fa-edit\"><\/i>\n\t\t\t<\/p>\n\t\t<\/div>\n\t\t<p><input class=\"wpcf7-form-control wpcf7-submit has-spinner site__btn1\" type=\"submit\" value=\"G\u00f6nder\" \/>\n\t\t<\/p>\n\t<\/div>\n<\/div><div class=\"wpcf7-response-output\" aria-hidden=\"true\"><\/div>\n<\/form>\n<\/div>\n \r\n                            <\/div>\r\n                        <\/div>\r\n                    <\/div>\r\n                <\/div>\r\n            <\/div>\r\n        <\/div>\r\n\r\n          \r\n\r\n        \t\t<\/div>\n\t\t\t\t<\/div>\n\t\t\t\t\t<\/div>\n\t\t<\/div>\n\t\t\t\t\t<\/div>\n\t\t<\/section>\n\t\t\t\t<\/div>\n\t\t","protected":false},"excerpt":{"rendered":"<p>Contact Form Contact us Contact information E-mail address bilgi@metsanmembran.com Phone Numbers Central Factory: +90 488 213 73 58 Sales and Marketing Manager +90 530 098 08 21 &#8211; Veysi BULUT +90 532 425 09 83 &#8211; Metin EG\u0130 Mediterranean and Aegean Regional Manager +90\u00a0535\u00a0462\u00a045\u00a055 &#8211; Hakan TO\u011eA\u00c7 Eastern and Central Anatolia Sales Representative +90 530 [&hellip;]<\/p>\n","protected":false},"author":1,"featured_media":0,"parent":0,"menu_order":0,"comment_status":"closed","ping_status":"closed","template":"elementor_header_footer","meta":{"_acf_changed":false,"footnotes":""},"class_list":["post-2892","page","type-page","status-publish","hentry"],"acf":[],"_links":{"self":[{"href":"https:\/\/metsanmembran.com\/en\/wp-json\/wp\/v2\/pages\/2892","targetHints":{"allow":["GET"]}}],"collection":[{"href":"https:\/\/metsanmembran.com\/en\/wp-json\/wp\/v2\/pages"}],"about":[{"href":"https:\/\/metsanmembran.com\/en\/wp-json\/wp\/v2\/types\/page"}],"author":[{"embeddable":true,"href":"https:\/\/metsanmembran.com\/en\/wp-json\/wp\/v2\/users\/1"}],"replies":[{"embeddable":true,"href":"https:\/\/metsanmembran.com\/en\/wp-json\/wp\/v2\/comments?post=2892"}],"version-history":[{"count":13,"href":"https:\/\/metsanmembran.com\/en\/wp-json\/wp\/v2\/pages\/2892\/revisions"}],"predecessor-version":[{"id":3117,"href":"https:\/\/metsanmembran.com\/en\/wp-json\/wp\/v2\/pages\/2892\/revisions\/3117"}],"wp:attachment":[{"href":"https:\/\/metsanmembran.com\/en\/wp-json\/wp\/v2\/media?parent=2892"}],"curies":[{"name":"wp","href":"https:\/\/api.w.org\/{rel}","templated":true}]}}